{"id":19,"date":"2017-08-02T13:04:33","date_gmt":"2017-08-02T11:04:33","guid":{"rendered":"http:\/\/avocathambersin.be\/?page_id=19"},"modified":"2018-01-09T15:36:07","modified_gmt":"2018-01-09T14:36:07","slug":"homepage","status":"publish","type":"page","link":"https:\/\/avocathambersin.be\/","title":{"rendered":"Avocat Hambersin"},"content":{"rendered":"<p>[vc_row css_animation=\u00a0\u00bbfadeIn\u00a0\u00bb][vc_column width=\u00a0\u00bb1\/3&Prime;][vc_single_image image=\u00a0\u00bb207&Prime; img_size=\u00a0\u00bb350&#215;560&Prime; onclick=\u00a0\u00bblink_image\u00a0\u00bb][\/vc_column][vc_column width=\u00a0\u00bb2\/3&Prime;][vc_row_inner 0=\u00a0\u00bb\u00a0\u00bb][vc_column_inner 0=\u00a0\u00bb\u00a0\u00bb][vc_column_text 0=\u00a0\u00bb\u00a0\u00bb]<\/p>\n<h2>Fabrice Hambersin<\/h2>\n<p>[\/vc_column_text][vc_separator 0=\u00a0\u00bb\u00a0\u00bb][\/vc_column_inner][\/vc_row_inner][vc_row_inner 0=\u00a0\u00bb\u00a0\u00bb][vc_column_inner width=\u00a0\u00bb1\/2&Prime;][vc_column_text 0=\u00a0\u00bb\u00a0\u00bb]<\/p>\n<h4>Avocat au Barreau de Bruxelles depuis 2004<\/h4>\n<h4>M\u00e9diateur civil et commercial agr\u00e9\u00e9 depuis juillet 2014<\/h4>\n<h4>Professeur en droit d\u2019auteur<\/h4>\n<p>Au sein de la Haute Ecole de la Communaut\u00e9 fran\u00e7aise Albert Jacquard (sections infographie) depuis 2007[\/vc_column_text][vc_btn title=\u00a0\u00bbContact\u00a0\u00bb style=\u00a0\u00bbflat\u00a0\u00bb i_align=\u00a0\u00bbright\u00a0\u00bb i_icon_fontawesome=\u00a0\u00bbfa fa-long-arrow-right\u00a0\u00bb add_icon=\u00a0\u00bbtrue\u00a0\u00bb link=\u00a0\u00bburl:http%3A%2F%2Favocathambersin.be%2Findex.php%2Fcontact%2F|||\u00a0\u00bb][\/vc_column_inner][vc_column_inner width=\u00a0\u00bb1\/2&Prime;][vc_column_text 0=\u00a0\u00bb\u00a0\u00bb]<\/p>\n<h4>Formateur en droit d\u2019auteur<\/h4>\n<p><strong>Aupr\u00e8s de la Coop\u00e9rative SMARTBE<\/strong> depuis janvier 2006 (sessions d\u2019information en droit d\u2019auteur et dans d\u2019autres domaines pratiques et sp\u00e9cifiques au droit des artistes (n\u00e9gociation de contrats,&#8230;)<\/p>\n<p><strong>Conf\u00e9rences et des sessions d\u2019information<\/strong> sur les mati\u00e8res pr\u00e9cit\u00e9es et animation d\u2019un workshop relatif \u00e0 la n\u00e9gociation de contrats sp\u00e9cialis\u00e9s aupr\u00e8s du Centre de comp\u00e9tence de la R\u00e9gion wallonne CEPEGRA et de la R\u00e9gion de Bruxelles-Capitale CEPEGRA LABS ; centres de comp\u00e9tence actifs dans l\u2019industrie du web et du graphisme depuis septembre 2014.[\/vc_column_text][\/vc_column_inner][\/vc_row_inner][\/vc_column][\/vc_row][vc_row 0=\u00a0\u00bb\u00a0\u00bb][vc_column 0=\u00a0\u00bb\u00a0\u00bb][vc_empty_space 0=\u00a0\u00bb\u00a0\u00bb][\/vc_column][\/vc_row][vc_row][vc_column width=\u00a0\u00bb1\/3&Prime;][vc_cta h2=\u00a0\u00bbMati\u00e8res Pratiqu\u00e9es\u00a0\u00bb txt_align=\u00a0\u00bbcenter\u00a0\u00bb shape=\u00a0\u00bbsquare\u00a0\u00bb color=\u00a0\u00bbwhite\u00a0\u00bb add_button=\u00a0\u00bbbottom\u00a0\u00bb btn_title=\u00a0\u00bbVoir\u00a0\u00bb btn_style=\u00a0\u00bbflat\u00a0\u00bb btn_align=\u00a0\u00bbcenter\u00a0\u00bb btn_i_align=\u00a0\u00bbright\u00a0\u00bb btn_i_icon_fontawesome=\u00a0\u00bbfa fa-long-arrow-right\u00a0\u00bb btn_add_icon=\u00a0\u00bbtrue\u00a0\u00bb css=\u00a0\u00bb.vc_custom_1504687168692{padding-top: 80px !important;padding-bottom: -1px !important;background: #f8f8f8 url(http:\/\/avocathambersin.be\/wp-content\/uploads\/2017\/08\/HAM_matieres.jpg?id=181) !important;background-position: center !important;background-repeat: no-repeat !important;background-size: cover !important;}\u00a0\u00bb btn_link=\u00a0\u00bburl:http%3A%2F%2Favocathambersin.be%2Findex.php%2Fmatieres-pratiquees%2F|||\u00a0\u00bb].<br \/>\n<span style=\"color: #000080;\">.<\/span>[\/vc_cta][\/vc_column][vc_column width=\u00a0\u00bb1\/3&Prime;][vc_cta h2=\u00a0\u00bbEnseignement, Formation, M\u00e9diation\u00a0\u00bb txt_align=\u00a0\u00bbcenter\u00a0\u00bb shape=\u00a0\u00bbsquare\u00a0\u00bb color=\u00a0\u00bbwhite\u00a0\u00bb add_button=\u00a0\u00bbbottom\u00a0\u00bb btn_title=\u00a0\u00bbVoir\u00a0\u00bb btn_style=\u00a0\u00bbflat\u00a0\u00bb btn_align=\u00a0\u00bbcenter\u00a0\u00bb btn_i_align=\u00a0\u00bbright\u00a0\u00bb btn_i_icon_fontawesome=\u00a0\u00bbfa fa-long-arrow-right\u00a0\u00bb btn_add_icon=\u00a0\u00bbtrue\u00a0\u00bb css=\u00a0\u00bb.vc_custom_1502436941997{padding-top: 67px !important;background: #f8f8f8 url(http:\/\/avocathambersin.be\/wp-content\/uploads\/2017\/08\/HAM_enseignement.jpg?id=195) !important;background-position: center !important;background-repeat: no-repeat !important;background-size: cover !important;}\u00a0\u00bb btn_link=\u00a0\u00bburl:http%3A%2F%2Favocathambersin.be%2Findex.php%2Fenseignement-formation-mediation%2F|||\u00a0\u00bb]\u00a0[\/vc_cta][\/vc_column][vc_column width=\u00a0\u00bb1\/3&Prime;][vc_cta h2=\u00a0\u00bbConditions Financi\u00e8res\u00a0\u00bb txt_align=\u00a0\u00bbcenter\u00a0\u00bb shape=\u00a0\u00bbsquare\u00a0\u00bb color=\u00a0\u00bbwhite\u00a0\u00bb add_button=\u00a0\u00bbbottom\u00a0\u00bb btn_title=\u00a0\u00bbVoir\u00a0\u00bb btn_style=\u00a0\u00bbflat\u00a0\u00bb btn_align=\u00a0\u00bbcenter\u00a0\u00bb btn_i_align=\u00a0\u00bbright\u00a0\u00bb btn_i_icon_fontawesome=\u00a0\u00bbfa fa-long-arrow-right\u00a0\u00bb btn_add_icon=\u00a0\u00bbtrue\u00a0\u00bb css=\u00a0\u00bb.vc_custom_1502436976592{padding-top: 67px !important;background: #f8f8f8 url(http:\/\/avocathambersin.be\/wp-content\/uploads\/2017\/08\/HAM_conditions.jpg?id=179) !important;background-position: center !important;background-repeat: no-repeat !important;background-size: cover !important;}\u00a0\u00bb btn_link=\u00a0\u00bburl:http%3A%2F%2Favocathambersin.be%2Findex.php%2Fconditions-financieres%2F|||\u00a0\u00bb]\u00a0[\/vc_cta][\/vc_column][\/vc_row][vc_row 0=\u00a0\u00bb\u00a0\u00bb][vc_column 0=\u00a0\u00bb\u00a0\u00bb][vc_empty_space 0=\u00a0\u00bb\u00a0\u00bb][\/vc_column][\/vc_row][vc_row 0=\u00a0\u00bb\u00a0\u00bb][vc_column width=\u00a0\u00bb1\/2&Prime; css=\u00a0\u00bb.vc_custom_1502197961431{border-bottom-width: 100px !important;background-color: #f8f8f8 !important;border-bottom-color: #f8f8f8 !important;}\u00a0\u00bb][vc_row_inner css=\u00a0\u00bb.vc_custom_1502272406144{padding-bottom: 75px !important;}\u00a0\u00bb][vc_column_inner width=\u00a0\u00bb1\/6&Prime;][\/vc_column_inner][vc_column_inner width=\u00a0\u00bb2\/3&Prime;][vc_column_text 0=\u00a0\u00bb\u00a0\u00bb]<\/p>\n<h2>Mati\u00e8res pr\u00e9f\u00e9rentielles<\/h2>\n<p>[\/vc_column_text][vc_separator][vc_column_text 0=\u00a0\u00bb\u00a0\u00bb]<\/p>\n<h4>Propri\u00e9t\u00e9 intellectuelle (droit d\u2019auteur)<\/h4>\n<h4>Propri\u00e9t\u00e9 industrielle (droit des marques, droit des dessins et mod\u00e8les et droits des brevets)<\/h4>\n<h4>Pratiques du commerce et protection du consommateur<\/h4>\n<h4>Droit de la publicit\u00e9, et droit des m\u00e9dias<\/h4>\n<h4>Droit commercial et droit du bail<\/h4>\n<p>[\/vc_column_text][\/vc_column_inner][vc_column_inner width=\u00a0\u00bb1\/6&Prime;][\/vc_column_inner][\/vc_row_inner][\/vc_column][vc_column width=\u00a0\u00bb1\/2&Prime;][vc_row_inner 0=\u00a0\u00bb\u00a0\u00bb][vc_column_inner width=\u00a0\u00bb1\/6&Prime;][\/vc_column_inner][vc_column_inner width=\u00a0\u00bb2\/3&Prime; css=\u00a0\u00bb.vc_custom_1502197716935{margin-top: 35px !important;}\u00a0\u00bb][vc_column_text 0=\u00a0\u00bb\u00a0\u00bb]<\/p>\n<h2>Formation<\/h2>\n<p>[\/vc_column_text][vc_separator][vc_column_text 0=\u00a0\u00bb\u00a0\u00bb]<\/p>\n<h6>2003<\/h6>\n<p>Dipl\u00f4m\u00e9 en droit \u00e0 l\u2019Universit\u00e9 Libre de Bruxelles<\/p>\n<h6>2003<\/h6>\n<p>Stages au sein de soci\u00e9t\u00e9s de gestion collective de droits d\u2019auteur<\/p>\n<h6>2004 \u00e0 2010<\/h6>\n<p>Stage, collaboration et associ\u00e9 de frais au sein du cabinet d\u2019avocats IN CASU<\/p>\n<h6>2010 \u00e0 2017<\/h6>\n<p>Membre de l\u2019Association d\u2019avocats ARTEGAL<\/p>\n<h6>2012 \u00e0 2013<\/h6>\n<p>Formation en m\u00e9diation civile et commerciale aupr\u00e8s de bMediation<\/p>\n<h6>2018 \u00e0 ce jour<\/h6>\n<p>Membre de l&rsquo;association SOLITIS[\/vc_column_text][\/vc_column_inner][vc_column_inner width=\u00a0\u00bb1\/6&Prime;][\/vc_column_inner][\/vc_row_inner][\/vc_column][\/vc_row]<\/p>\n","protected":false},"excerpt":{"rendered":"<p>[vc_row css_animation=\u00a0\u00bbfadeIn\u00a0\u00bb][vc_column width=\u00a0\u00bb1\/3&Prime;][vc_single_image image=\u00a0\u00bb207&Prime; img_size=\u00a0\u00bb350&#215;560&Prime; onclick=\u00a0\u00bblink_image\u00a0\u00bb][\/vc_column][vc_column width=\u00a0\u00bb2\/3&Prime;][vc_row_inner 0=\u00a0\u00bb\u00a0\u00bb][vc_column_inner 0=\u00a0\u00bb\u00a0\u00bb][vc_column_text 0=\u00a0\u00bb\u00a0\u00bb] Fabrice Hambersin [\/vc_column_text][vc_separator 0=\u00a0\u00bb\u00a0\u00bb][\/vc_column_inner][\/vc_row_inner][vc_row_inner 0=\u00a0\u00bb\u00a0\u00bb][vc_column_inner width=\u00a0\u00bb1\/2&Prime;][vc_column_text 0=\u00a0\u00bb\u00a0\u00bb] Avocat au Barreau de Bruxelles depuis 2004 M\u00e9diateur civil et commercial agr\u00e9\u00e9 depuis juillet 2014 Professeur en droit d\u2019auteur Au sein de la Haute Ecole de la Communaut\u00e9 fran\u00e7aise Albert Jacquard (sections infographie) depuis 2007[\/vc_column_text][vc_btn title=\u00a0\u00bbContact\u00a0\u00bb style=\u00a0\u00bbflat\u00a0\u00bb i_align=\u00a0\u00bbright\u00a0\u00bb&#8230; <\/p>\n<div class=\"clear\"><\/div>\n<p><a href=\"https:\/\/avocathambersin.be\/\" class=\"gdlr-info-font excerpt-read-more\">Read More<\/a><\/p>\n","protected":false},"author":2,"featured_media":0,"parent":0,"menu_order":0,"comment_status":"closed","ping_status":"closed","template":"","meta":{"footnotes":""},"yoast_head":"<!-- This site is optimized with the Yoast SEO plugin v21.5 - https:\/\/yoast.com\/wordpress\/plugins\/seo\/ -->\n<title>Avocat Hambersin - Fabrice Hambersin<\/title>\n<meta name=\"robots\" content=\"index, follow, max-snippet:-1, max-image-preview:large, max-video-preview:-1\" \/>\n<link rel=\"canonical\" href=\"https:\/\/avocathambersin.be\/\" \/>\n<meta property=\"og:locale\" content=\"fr_FR\" \/>\n<meta property=\"og:type\" content=\"article\" \/>\n<meta property=\"og:title\" content=\"Avocat Hambersin - Fabrice Hambersin\" \/>\n<meta property=\"og:description\" content=\"[vc_row css_animation=\u00a0\u00bbfadeIn\u00a0\u00bb][vc_column width=\u00a0\u00bb1\/3&Prime;][vc_single_image image=\u00a0\u00bb207&Prime; img_size=\u00a0\u00bb350&#215;560&Prime; onclick=\u00a0\u00bblink_image\u00a0\u00bb][\/vc_column][vc_column width=\u00a0\u00bb2\/3&Prime;][vc_row_inner 0=\u00a0\u00bb\u00a0\u00bb][vc_column_inner 0=\u00a0\u00bb\u00a0\u00bb][vc_column_text 0=\u00a0\u00bb\u00a0\u00bb] Fabrice Hambersin [\/vc_column_text][vc_separator 0=\u00a0\u00bb\u00a0\u00bb][\/vc_column_inner][\/vc_row_inner][vc_row_inner 0=\u00a0\u00bb\u00a0\u00bb][vc_column_inner width=\u00a0\u00bb1\/2&Prime;][vc_column_text 0=\u00a0\u00bb\u00a0\u00bb] Avocat au Barreau de Bruxelles depuis 2004 M\u00e9diateur civil et commercial agr\u00e9\u00e9 depuis juillet 2014 Professeur en droit d\u2019auteur Au sein de la Haute Ecole de la Communaut\u00e9 fran\u00e7aise Albert Jacquard (sections infographie) depuis 2007[\/vc_column_text][vc_btn title=\u00a0\u00bbContact\u00a0\u00bb style=\u00a0\u00bbflat\u00a0\u00bb i_align=\u00a0\u00bbright\u00a0\u00bb... Read More\" \/>\n<meta property=\"og:url\" content=\"https:\/\/avocathambersin.be\/\" \/>\n<meta property=\"og:site_name\" content=\"Fabrice Hambersin\" \/>\n<meta property=\"article:modified_time\" content=\"2018-01-09T14:36:07+00:00\" \/>\n<meta name=\"twitter:card\" content=\"summary_large_image\" \/>\n<meta name=\"twitter:label1\" content=\"Dur\u00e9e de lecture estim\u00e9e\" \/>\n\t<meta name=\"twitter:data1\" content=\"4 minutes\" \/>\n<script type=\"application\/ld+json\" class=\"yoast-schema-graph\">{\"@context\":\"https:\/\/schema.org\",\"@graph\":[{\"@type\":\"WebPage\",\"@id\":\"https:\/\/avocathambersin.be\/\",\"url\":\"https:\/\/avocathambersin.be\/\",\"name\":\"Avocat Hambersin - Fabrice Hambersin\",\"isPartOf\":{\"@id\":\"https:\/\/avocathambersin.be\/#website\"},\"datePublished\":\"2017-08-02T11:04:33+00:00\",\"dateModified\":\"2018-01-09T14:36:07+00:00\",\"breadcrumb\":{\"@id\":\"https:\/\/avocathambersin.be\/#breadcrumb\"},\"inLanguage\":\"fr-FR\",\"potentialAction\":[{\"@type\":\"ReadAction\",\"target\":[\"https:\/\/avocathambersin.be\/\"]}]},{\"@type\":\"BreadcrumbList\",\"@id\":\"https:\/\/avocathambersin.be\/#breadcrumb\",\"itemListElement\":[{\"@type\":\"ListItem\",\"position\":1,\"name\":\"Accueil\",\"item\":\"https:\/\/avocathambersin.be\/\"},{\"@type\":\"ListItem\",\"position\":2,\"name\":\"Avocat Hambersin\"}]},{\"@type\":\"WebSite\",\"@id\":\"https:\/\/avocathambersin.be\/#website\",\"url\":\"https:\/\/avocathambersin.be\/\",\"name\":\"Fabrice Hambersin\",\"description\":\"Avocat sp\u00e9cialis\u00e9 en droit d&#039;auteur\",\"potentialAction\":[{\"@type\":\"SearchAction\",\"target\":{\"@type\":\"EntryPoint\",\"urlTemplate\":\"https:\/\/avocathambersin.be\/?s={search_term_string}\"},\"query-input\":\"required name=search_term_string\"}],\"inLanguage\":\"fr-FR\"}]}<\/script>\n<!-- \/ Yoast SEO plugin. -->","yoast_head_json":{"title":"Avocat Hambersin - Fabrice Hambersin","robots":{"index":"index","follow":"follow","max-snippet":"max-snippet:-1","max-image-preview":"max-image-preview:large","max-video-preview":"max-video-preview:-1"},"canonical":"https:\/\/avocathambersin.be\/","og_locale":"fr_FR","og_type":"article","og_title":"Avocat Hambersin - Fabrice Hambersin","og_description":"[vc_row css_animation=\u00a0\u00bbfadeIn\u00a0\u00bb][vc_column width=\u00a0\u00bb1\/3&Prime;][vc_single_image image=\u00a0\u00bb207&Prime; img_size=\u00a0\u00bb350&#215;560&Prime; onclick=\u00a0\u00bblink_image\u00a0\u00bb][\/vc_column][vc_column width=\u00a0\u00bb2\/3&Prime;][vc_row_inner 0=\u00a0\u00bb\u00a0\u00bb][vc_column_inner 0=\u00a0\u00bb\u00a0\u00bb][vc_column_text 0=\u00a0\u00bb\u00a0\u00bb] Fabrice Hambersin [\/vc_column_text][vc_separator 0=\u00a0\u00bb\u00a0\u00bb][\/vc_column_inner][\/vc_row_inner][vc_row_inner 0=\u00a0\u00bb\u00a0\u00bb][vc_column_inner width=\u00a0\u00bb1\/2&Prime;][vc_column_text 0=\u00a0\u00bb\u00a0\u00bb] Avocat au Barreau de Bruxelles depuis 2004 M\u00e9diateur civil et commercial agr\u00e9\u00e9 depuis juillet 2014 Professeur en droit d\u2019auteur Au sein de la Haute Ecole de la Communaut\u00e9 fran\u00e7aise Albert Jacquard (sections infographie) depuis 2007[\/vc_column_text][vc_btn title=\u00a0\u00bbContact\u00a0\u00bb style=\u00a0\u00bbflat\u00a0\u00bb i_align=\u00a0\u00bbright\u00a0\u00bb... Read More","og_url":"https:\/\/avocathambersin.be\/","og_site_name":"Fabrice Hambersin","article_modified_time":"2018-01-09T14:36:07+00:00","twitter_card":"summary_large_image","twitter_misc":{"Dur\u00e9e de lecture estim\u00e9e":"4 minutes"},"schema":{"@context":"https:\/\/schema.org","@graph":[{"@type":"WebPage","@id":"https:\/\/avocathambersin.be\/","url":"https:\/\/avocathambersin.be\/","name":"Avocat Hambersin - Fabrice Hambersin","isPartOf":{"@id":"https:\/\/avocathambersin.be\/#website"},"datePublished":"2017-08-02T11:04:33+00:00","dateModified":"2018-01-09T14:36:07+00:00","breadcrumb":{"@id":"https:\/\/avocathambersin.be\/#breadcrumb"},"inLanguage":"fr-FR","potentialAction":[{"@type":"ReadAction","target":["https:\/\/avocathambersin.be\/"]}]},{"@type":"BreadcrumbList","@id":"https:\/\/avocathambersin.be\/#breadcrumb","itemListElement":[{"@type":"ListItem","position":1,"name":"Accueil","item":"https:\/\/avocathambersin.be\/"},{"@type":"ListItem","position":2,"name":"Avocat Hambersin"}]},{"@type":"WebSite","@id":"https:\/\/avocathambersin.be\/#website","url":"https:\/\/avocathambersin.be\/","name":"Fabrice Hambersin","description":"Avocat sp\u00e9cialis\u00e9 en droit d&#039;auteur","potentialAction":[{"@type":"SearchAction","target":{"@type":"EntryPoint","urlTemplate":"https:\/\/avocathambersin.be\/?s={search_term_string}"},"query-input":"required name=search_term_string"}],"inLanguage":"fr-FR"}]}},"_links":{"self":[{"href":"https:\/\/avocathambersin.be\/index.php\/wp-json\/wp\/v2\/pages\/19"}],"collection":[{"href":"https:\/\/avocathambersin.be\/index.php\/wp-json\/wp\/v2\/pages"}],"about":[{"href":"https:\/\/avocathambersin.be\/index.php\/wp-json\/wp\/v2\/types\/page"}],"author":[{"embeddable":true,"href":"https:\/\/avocathambersin.be\/index.php\/wp-json\/wp\/v2\/users\/2"}],"replies":[{"embeddable":true,"href":"https:\/\/avocathambersin.be\/index.php\/wp-json\/wp\/v2\/comments?post=19"}],"version-history":[{"count":61,"href":"https:\/\/avocathambersin.be\/index.php\/wp-json\/wp\/v2\/pages\/19\/revisions"}],"predecessor-version":[{"id":228,"href":"https:\/\/avocathambersin.be\/index.php\/wp-json\/wp\/v2\/pages\/19\/revisions\/228"}],"wp:attachment":[{"href":"https:\/\/avocathambersin.be\/index.php\/wp-json\/wp\/v2\/media?parent=19"}],"curies":[{"name":"wp","href":"https:\/\/api.w.org\/{rel}","templated":true}]}}