{"id":50,"date":"2017-08-02T14:46:32","date_gmt":"2017-08-02T12:46:32","guid":{"rendered":"http:\/\/avocathambersin.be\/?page_id=50"},"modified":"2017-08-10T12:03:52","modified_gmt":"2017-08-10T10:03:52","slug":"matieres-pratiquees","status":"publish","type":"page","link":"https:\/\/avocathambersin.be\/index.php\/matieres-pratiquees\/","title":{"rendered":"Mati\u00e8res Pratiqu\u00e9es"},"content":{"rendered":"<p>[vc_row][vc_column][vc_column_text css_animation=\u00a0\u00bbfadeIn\u00a0\u00bb]<\/p>\n<h4>Il pratique principalement les mati\u00e8res suivantes :<\/h4>\n<p>[\/vc_column_text][vc_empty_space height=\u00a0\u00bb45px\u00a0\u00bb][\/vc_column][\/vc_row][vc_row css_animation=\u00a0\u00bbfadeIn\u00a0\u00bb][vc_column width=\u00a0\u00bb1\/3&Prime;][vc_column_text]<\/p>\n<h1><strong>01.<\/strong><\/h1>\n<h2>Le droit de propri\u00e9t\u00e9 intellectuelle (droit d\u2019auteur, etc.)<\/h2>\n<p>[\/vc_column_text][\/vc_column][vc_column width=\u00a0\u00bb1\/3&Prime;][vc_column_text]Fabrice Hambersin vous <strong>assiste<\/strong> et vous <strong>conseille<\/strong> dans <strong>tous les domaines artistiques ou de l\u2019Industrie du Web, des logiciels et des applications diverses<\/strong> (musique, audiovisuel, litt\u00e9rature, arts de la sc\u00e8ne, graphisme, logiciels, applications, etc.) et dans la r\u00e9daction, l\u2019analyse et la n\u00e9gociation de tous les <strong>contrats sp\u00e9cialis\u00e9s<\/strong> dans chaque domaine artistique ou de l\u2019Industrie du Web, des logiciels et des applications diverses (exemples non limitatifs : contrat de production, d\u2019\u00e9dition, de licence, de management, de r\u00e9alisateur, de cession de droits, etc.).[\/vc_column_text][\/vc_column][vc_column width=\u00a0\u00bb1\/3&Prime;][vc_column_text]De m\u00eame, il vous assiste et d\u00e9fend vos int\u00e9r\u00eats devant tous les <strong>Cours et Tribunaux<\/strong> (actions en cessation, actions au fond, etc.) dans les mati\u00e8res pr\u00e9cit\u00e9es ainsi que dans le cadre des processus alternatifs de r\u00e8glement de conflit (m\u00e9diation, etc.).[\/vc_column_text][\/vc_column][\/vc_row][vc_row][vc_column width=\u00a0\u00bb1\/3&Prime;][\/vc_column][vc_column width=\u00a0\u00bb2\/3&Prime;][vc_empty_space][vc_separator][vc_empty_space height=\u00a0\u00bb45px\u00a0\u00bb][\/vc_column][\/vc_row][vc_row css_animation=\u00a0\u00bbfadeIn\u00a0\u00bb][vc_column width=\u00a0\u00bb1\/3&Prime;][vc_column_text]<\/p>\n<h1><strong>02.<\/strong><\/h1>\n<h2>Le droit de propri\u00e9t\u00e9 industrielle (droit des marques, droit des dessins et mod\u00e8les, droits des brevets, etc.)<\/h2>\n<p>[\/vc_column_text][\/vc_column][vc_column width=\u00a0\u00bb1\/3&Prime;][vc_column_text]Fabrice Hambersin vous <strong>assiste<\/strong> et vous conseille dans le cadre d\u2019une <strong>strat\u00e9gie de protection<\/strong> de vos marques, dessins, mod\u00e8les et inventions.<\/p>\n<p>R\u00e9f\u00e9renci\u00e9 en qualit\u00e9 de <strong>mandataire aupr\u00e8s de l\u2019OBPI<\/strong> (organisme de d\u00e9p\u00f4t pour le territoire du B\u00e9n\u00e9lux) et aupr\u00e8s de l\u2019<strong>EUIPO<\/strong> (organisme de d\u00e9p\u00f4t pour le territoire europ\u00e9en), il prend en charge <strong>toutes les formalit\u00e9s de d\u00e9p\u00f4t<\/strong> de votre marque, dessin, mod\u00e8le et brevet \u00e0 compter du premier rendez-vous et ce jusqu\u2019\u00e0 la fin de leur enregistrement.[\/vc_column_text][\/vc_column][vc_column width=\u00a0\u00bb1\/3&Prime;][vc_column_text]Il r\u00e9dige, analyse et n\u00e9gocie \u00e9galement des <strong>contrats de licence ou de cession<\/strong> pour vos marques, dessins, mod\u00e8les et brevets.<\/p>\n<p>Enfin, il vous assiste et d\u00e9fend vos int\u00e9r\u00eats devant tous les <strong>Cours et Tribunaux<\/strong> (actions en cessation, actions au fond, etc.) dans les mati\u00e8res pr\u00e9cit\u00e9es ainsi que dans le cadre des processus alternatifs de r\u00e8glement de conflit (m\u00e9diation, etc.).[\/vc_column_text][\/vc_column][\/vc_row][vc_row][vc_column width=\u00a0\u00bb1\/3&Prime;][\/vc_column][vc_column width=\u00a0\u00bb2\/3&Prime;][vc_empty_space height=\u00a0\u00bb45px\u00a0\u00bb][vc_separator][vc_empty_space height=\u00a0\u00bb45px\u00a0\u00bb][\/vc_column][\/vc_row][vc_row css_animation=\u00a0\u00bbfadeIn\u00a0\u00bb][vc_column width=\u00a0\u00bb1\/3&Prime;][vc_column_text]<\/p>\n<h1><strong>03.<\/strong><\/h1>\n<h2>Le droit des m\u00e9dias et de la publicit\u00e9<\/h2>\n<p>[\/vc_column_text][\/vc_column][vc_column width=\u00a0\u00bb1\/3&Prime;][vc_column_text]Fabrice Hambersin vous <strong>assiste<\/strong> et vous <strong>d\u00e9fend<\/strong>, tant dans le conseil que dans le contentieux, dans des litiges relatifs \u00e0 la <strong>presse \u00e9crite<\/strong> ou <strong>audiovisuelle<\/strong> (droit de r\u00e9ponse, actions p\u00e9nales ou civiles relatives \u00e0 la calomnie, \u00e0 la diffamation, aux atteintes \u00e0 la vie priv\u00e9e, au droit \u00e0 l&rsquo;image, etc.).[\/vc_column_text][\/vc_column][vc_column width=\u00a0\u00bb1\/3&Prime;][vc_column_text]Il intervient \u00e9galement dans le domaine de la<strong> publicit\u00e9<\/strong> (analyse, r\u00e9daction et n\u00e9gociation de contrats pour les diff\u00e9rents intervenants tels que les agences, mannequins, annonceurs, etc.).[\/vc_column_text][\/vc_column][\/vc_row][vc_row][vc_column width=\u00a0\u00bb1\/3&Prime;][\/vc_column][vc_column width=\u00a0\u00bb2\/3&Prime;][vc_empty_space height=\u00a0\u00bb45px\u00a0\u00bb][vc_separator][vc_empty_space height=\u00a0\u00bb45px\u00a0\u00bb][\/vc_column][\/vc_row][vc_row css_animation=\u00a0\u00bbfadeIn\u00a0\u00bb][vc_column width=\u00a0\u00bb1\/3&Prime;][vc_column_text]<\/p>\n<h1><strong>04.<\/strong><\/h1>\n<h2>Le droit des nouvelles technologies et pratiques du commerce<\/h2>\n<p>[\/vc_column_text][\/vc_column][vc_column width=\u00a0\u00bb1\/3&Prime;][vc_column_text]Fabrice Hambersin vous <strong>aide<\/strong> et vous <strong>conseille<\/strong> dans la r\u00e9daction et la n\u00e9gociation des <strong>contrats appliqu\u00e9s aux nouvelles technologies<\/strong> de la communication (cr\u00e9ation et gestion de sites Internet, chartes sur la protection de la vie priv\u00e9e et utilisation des donn\u00e9es \u00e0 caract\u00e8re personnel, respect des pratiques du commerce et protection des consommateurs, conditions g\u00e9n\u00e9rales, ventes \u00e0 distance, responsabilit\u00e9 des diff\u00e9rents fournisseurs d&rsquo;acc\u00e8s, des h\u00e9bergeurs ou \u00e9diteurs responsables, etc.).[\/vc_column_text][\/vc_column][vc_column width=\u00a0\u00bb1\/3&Prime;][vc_column_text]Enfin, il vous assiste et d\u00e9fend vos int\u00e9r\u00eats devant tous les <strong>Cours et Tribunaux<\/strong> (actions en cessation commerciale, pour concurrence d\u00e9loyale ou parasitaire, actions au fond, etc.) dans les mati\u00e8res pr\u00e9cit\u00e9es ainsi que dans le cadre des <strong>processus alternatifs de r\u00e8glement de conflit<\/strong> (m\u00e9diation, etc.).[\/vc_column_text][\/vc_column][\/vc_row][vc_row][vc_column width=\u00a0\u00bb1\/3&Prime;][\/vc_column][vc_column width=\u00a0\u00bb2\/3&Prime;][vc_empty_space height=\u00a0\u00bb45px\u00a0\u00bb][vc_separator][vc_empty_space height=\u00a0\u00bb45px\u00a0\u00bb][\/vc_column][\/vc_row][vc_row css_animation=\u00a0\u00bbfadeIn\u00a0\u00bb][vc_column width=\u00a0\u00bb1\/3&Prime;][vc_column_text]<\/p>\n<h1><strong>05.<\/strong><\/h1>\n<h2>Le droit commercial<br \/>\net du bail<\/h2>\n<p>[\/vc_column_text][\/vc_column][vc_column width=\u00a0\u00bb1\/3&Prime;][vc_column_text]Fabrice Hambersin vous <strong>aide<\/strong> et vous <strong>conseille<\/strong> dans la r\u00e9daction de vos contrats de bail et vos contrats commerciaux.<\/p>\n<p>Enfin, il assiste et d\u00e9fend vos int\u00e9r\u00eats devant tous les <strong>Cours et Tribunaux<\/strong> dans les mati\u00e8res pr\u00e9cit\u00e9es (actions devant le Tribunal de commerce et les Juge de Paix en mati\u00e8re de bail, etc.) ainsi que dans le cadre des processus <strong>alternatifs de r\u00e8glement de conflit<\/strong> (m\u00e9diation, etc.).[\/vc_column_text][\/vc_column][vc_column width=\u00a0\u00bb1\/3&Prime;][\/vc_column][\/vc_row]<\/p>\n","protected":false},"excerpt":{"rendered":"<p>[vc_row][vc_column][vc_column_text css_animation=\u00a0\u00bbfadeIn\u00a0\u00bb] Il pratique principalement les mati\u00e8res suivantes : [\/vc_column_text][vc_empty_space height=\u00a0\u00bb45px\u00a0\u00bb][\/vc_column][\/vc_row][vc_row css_animation=\u00a0\u00bbfadeIn\u00a0\u00bb][vc_column width=\u00a0\u00bb1\/3&Prime;][vc_column_text] 01. Le droit de propri\u00e9t\u00e9 intellectuelle (droit d\u2019auteur, etc.) [\/vc_column_text][\/vc_column][vc_column width=\u00a0\u00bb1\/3&Prime;][vc_column_text]Fabrice Hambersin vous assiste et vous conseille dans tous les domaines artistiques ou de l\u2019Industrie du Web, des logiciels et des applications diverses (musique, audiovisuel, litt\u00e9rature, arts de la sc\u00e8ne, graphisme, logiciels,&#8230; <\/p>\n<div class=\"clear\"><\/div>\n<p><a href=\"https:\/\/avocathambersin.be\/index.php\/matieres-pratiquees\/\" class=\"gdlr-info-font excerpt-read-more\">Read More<\/a><\/p>\n","protected":false},"author":2,"featured_media":0,"parent":0,"menu_order":0,"comment_status":"closed","ping_status":"closed","template":"","meta":{"footnotes":""},"yoast_head":"<!-- This site is optimized with the Yoast SEO plugin v21.5 - https:\/\/yoast.com\/wordpress\/plugins\/seo\/ -->\n<title>Mati\u00e8res Pratiqu\u00e9es - Fabrice Hambersin<\/title>\n<meta name=\"robots\" content=\"index, follow, max-snippet:-1, max-image-preview:large, max-video-preview:-1\" \/>\n<link rel=\"canonical\" href=\"https:\/\/avocathambersin.be\/index.php\/matieres-pratiquees\/\" \/>\n<meta property=\"og:locale\" content=\"fr_FR\" \/>\n<meta property=\"og:type\" content=\"article\" \/>\n<meta property=\"og:title\" content=\"Mati\u00e8res Pratiqu\u00e9es - Fabrice Hambersin\" \/>\n<meta property=\"og:description\" content=\"[vc_row][vc_column][vc_column_text css_animation=\u00a0\u00bbfadeIn\u00a0\u00bb] Il pratique principalement les mati\u00e8res suivantes : [\/vc_column_text][vc_empty_space height=\u00a0\u00bb45px\u00a0\u00bb][\/vc_column][\/vc_row][vc_row css_animation=\u00a0\u00bbfadeIn\u00a0\u00bb][vc_column width=\u00a0\u00bb1\/3&Prime;][vc_column_text] 01. Le droit de propri\u00e9t\u00e9 intellectuelle (droit d\u2019auteur, etc.) [\/vc_column_text][\/vc_column][vc_column width=\u00a0\u00bb1\/3&Prime;][vc_column_text]Fabrice Hambersin vous assiste et vous conseille dans tous les domaines artistiques ou de l\u2019Industrie du Web, des logiciels et des applications diverses (musique, audiovisuel, litt\u00e9rature, arts de la sc\u00e8ne, graphisme, logiciels,... Read More\" \/>\n<meta property=\"og:url\" content=\"https:\/\/avocathambersin.be\/index.php\/matieres-pratiquees\/\" \/>\n<meta property=\"og:site_name\" content=\"Fabrice Hambersin\" \/>\n<meta property=\"article:modified_time\" content=\"2017-08-10T10:03:52+00:00\" \/>\n<meta name=\"twitter:card\" content=\"summary_large_image\" \/>\n<meta name=\"twitter:label1\" content=\"Dur\u00e9e de lecture estim\u00e9e\" \/>\n\t<meta name=\"twitter:data1\" content=\"5 minutes\" \/>\n<script type=\"application\/ld+json\" class=\"yoast-schema-graph\">{\"@context\":\"https:\/\/schema.org\",\"@graph\":[{\"@type\":\"WebPage\",\"@id\":\"https:\/\/avocathambersin.be\/index.php\/matieres-pratiquees\/\",\"url\":\"https:\/\/avocathambersin.be\/index.php\/matieres-pratiquees\/\",\"name\":\"Mati\u00e8res Pratiqu\u00e9es - Fabrice Hambersin\",\"isPartOf\":{\"@id\":\"https:\/\/avocathambersin.be\/#website\"},\"datePublished\":\"2017-08-02T12:46:32+00:00\",\"dateModified\":\"2017-08-10T10:03:52+00:00\",\"breadcrumb\":{\"@id\":\"https:\/\/avocathambersin.be\/index.php\/matieres-pratiquees\/#breadcrumb\"},\"inLanguage\":\"fr-FR\",\"potentialAction\":[{\"@type\":\"ReadAction\",\"target\":[\"https:\/\/avocathambersin.be\/index.php\/matieres-pratiquees\/\"]}]},{\"@type\":\"BreadcrumbList\",\"@id\":\"https:\/\/avocathambersin.be\/index.php\/matieres-pratiquees\/#breadcrumb\",\"itemListElement\":[{\"@type\":\"ListItem\",\"position\":1,\"name\":\"Accueil\",\"item\":\"https:\/\/avocathambersin.be\/\"},{\"@type\":\"ListItem\",\"position\":2,\"name\":\"Mati\u00e8res Pratiqu\u00e9es\"}]},{\"@type\":\"WebSite\",\"@id\":\"https:\/\/avocathambersin.be\/#website\",\"url\":\"https:\/\/avocathambersin.be\/\",\"name\":\"Fabrice Hambersin\",\"description\":\"Avocat sp\u00e9cialis\u00e9 en droit d&#039;auteur\",\"potentialAction\":[{\"@type\":\"SearchAction\",\"target\":{\"@type\":\"EntryPoint\",\"urlTemplate\":\"https:\/\/avocathambersin.be\/?s={search_term_string}\"},\"query-input\":\"required name=search_term_string\"}],\"inLanguage\":\"fr-FR\"}]}<\/script>\n<!-- \/ Yoast SEO plugin. -->","yoast_head_json":{"title":"Mati\u00e8res Pratiqu\u00e9es - Fabrice Hambersin","robots":{"index":"index","follow":"follow","max-snippet":"max-snippet:-1","max-image-preview":"max-image-preview:large","max-video-preview":"max-video-preview:-1"},"canonical":"https:\/\/avocathambersin.be\/index.php\/matieres-pratiquees\/","og_locale":"fr_FR","og_type":"article","og_title":"Mati\u00e8res Pratiqu\u00e9es - Fabrice Hambersin","og_description":"[vc_row][vc_column][vc_column_text css_animation=\u00a0\u00bbfadeIn\u00a0\u00bb] Il pratique principalement les mati\u00e8res suivantes : [\/vc_column_text][vc_empty_space height=\u00a0\u00bb45px\u00a0\u00bb][\/vc_column][\/vc_row][vc_row css_animation=\u00a0\u00bbfadeIn\u00a0\u00bb][vc_column width=\u00a0\u00bb1\/3&Prime;][vc_column_text] 01. Le droit de propri\u00e9t\u00e9 intellectuelle (droit d\u2019auteur, etc.) [\/vc_column_text][\/vc_column][vc_column width=\u00a0\u00bb1\/3&Prime;][vc_column_text]Fabrice Hambersin vous assiste et vous conseille dans tous les domaines artistiques ou de l\u2019Industrie du Web, des logiciels et des applications diverses (musique, audiovisuel, litt\u00e9rature, arts de la sc\u00e8ne, graphisme, logiciels,... Read More","og_url":"https:\/\/avocathambersin.be\/index.php\/matieres-pratiquees\/","og_site_name":"Fabrice Hambersin","article_modified_time":"2017-08-10T10:03:52+00:00","twitter_card":"summary_large_image","twitter_misc":{"Dur\u00e9e de lecture estim\u00e9e":"5 minutes"},"schema":{"@context":"https:\/\/schema.org","@graph":[{"@type":"WebPage","@id":"https:\/\/avocathambersin.be\/index.php\/matieres-pratiquees\/","url":"https:\/\/avocathambersin.be\/index.php\/matieres-pratiquees\/","name":"Mati\u00e8res Pratiqu\u00e9es - Fabrice Hambersin","isPartOf":{"@id":"https:\/\/avocathambersin.be\/#website"},"datePublished":"2017-08-02T12:46:32+00:00","dateModified":"2017-08-10T10:03:52+00:00","breadcrumb":{"@id":"https:\/\/avocathambersin.be\/index.php\/matieres-pratiquees\/#breadcrumb"},"inLanguage":"fr-FR","potentialAction":[{"@type":"ReadAction","target":["https:\/\/avocathambersin.be\/index.php\/matieres-pratiquees\/"]}]},{"@type":"BreadcrumbList","@id":"https:\/\/avocathambersin.be\/index.php\/matieres-pratiquees\/#breadcrumb","itemListElement":[{"@type":"ListItem","position":1,"name":"Accueil","item":"https:\/\/avocathambersin.be\/"},{"@type":"ListItem","position":2,"name":"Mati\u00e8res Pratiqu\u00e9es"}]},{"@type":"WebSite","@id":"https:\/\/avocathambersin.be\/#website","url":"https:\/\/avocathambersin.be\/","name":"Fabrice Hambersin","description":"Avocat sp\u00e9cialis\u00e9 en droit d&#039;auteur","potentialAction":[{"@type":"SearchAction","target":{"@type":"EntryPoint","urlTemplate":"https:\/\/avocathambersin.be\/?s={search_term_string}"},"query-input":"required name=search_term_string"}],"inLanguage":"fr-FR"}]}},"_links":{"self":[{"href":"https:\/\/avocathambersin.be\/index.php\/wp-json\/wp\/v2\/pages\/50"}],"collection":[{"href":"https:\/\/avocathambersin.be\/index.php\/wp-json\/wp\/v2\/pages"}],"about":[{"href":"https:\/\/avocathambersin.be\/index.php\/wp-json\/wp\/v2\/types\/page"}],"author":[{"embeddable":true,"href":"https:\/\/avocathambersin.be\/index.php\/wp-json\/wp\/v2\/users\/2"}],"replies":[{"embeddable":true,"href":"https:\/\/avocathambersin.be\/index.php\/wp-json\/wp\/v2\/comments?post=50"}],"version-history":[{"count":4,"href":"https:\/\/avocathambersin.be\/index.php\/wp-json\/wp\/v2\/pages\/50\/revisions"}],"predecessor-version":[{"id":165,"href":"https:\/\/avocathambersin.be\/index.php\/wp-json\/wp\/v2\/pages\/50\/revisions\/165"}],"wp:attachment":[{"href":"https:\/\/avocathambersin.be\/index.php\/wp-json\/wp\/v2\/media?parent=50"}],"curies":[{"name":"wp","href":"https:\/\/api.w.org\/{rel}","templated":true}]}}