{"id":53,"date":"2017-08-02T15:04:39","date_gmt":"2017-08-02T13:04:39","guid":{"rendered":"http:\/\/avocathambersin.be\/?page_id=53"},"modified":"2017-08-11T09:27:01","modified_gmt":"2017-08-11T07:27:01","slug":"enseignement-formation-mediation","status":"publish","type":"page","link":"https:\/\/avocathambersin.be\/index.php\/enseignement-formation-mediation\/","title":{"rendered":"Enseignement, Formation, M\u00e9diation"},"content":{"rendered":"<p>[vc_row css_animation=\u00a0\u00bbfadeIn\u00a0\u00bb][vc_column][vc_column_text]<\/p>\n<h2>Enseignement \/ Formation<\/h2>\n<p>[\/vc_column_text][\/vc_column][\/vc_row][vc_row css_animation=\u00a0\u00bbfadeIn\u00a0\u00bb][vc_column width=\u00a0\u00bb1\/3&Prime;][vc_column_text]<\/p>\n<h4>Fabrice Hambersin <strong>enseigne le droit d\u2019auteur<\/strong> au sein de la Haute Ecole de la Communaut\u00e9 fran\u00e7aise Albert Jacquard (section infographie, options jeu vid\u00e9o, animation, 3D, web, communication graphique) depuis septembre 2008.<\/h4>\n<p>[\/vc_column_text][\/vc_column][vc_column width=\u00a0\u00bb1\/3&Prime;][vc_column_text]Il donne, depuis janvier 2006, tous les mois, des <strong>sessions d\u2019information<\/strong> en droit d\u2019auteur et dans d\u2019autres domaines pratiques et sp\u00e9cifiques au droit des artistes (n\u00e9gociation de contrats,&#8230;) au sein de la coop\u00e9rative SMARTBE, tant dans son si\u00e8ge bruxellois que dans ses antennes wallonnes.[\/vc_column_text][\/vc_column][vc_column width=\u00a0\u00bb1\/3&Prime;][vc_column_text]Il donne \u00e9galement depuis plusieurs ann\u00e9es des <strong>conf\u00e9rences et des sessions d\u2019information<\/strong> sur les mati\u00e8res pr\u00e9cit\u00e9es et anime un workshop relatif \u00e0 la n\u00e9gociation de contrats sp\u00e9cialis\u00e9s aupr\u00e8s du Centre de comp\u00e9tence de la R\u00e9gion wallonne CEPEGRA et de la R\u00e9gion de Bruxelles-Capitale CEPEGRA LABS ; centres de comp\u00e9tence actifs dans l\u2019industrie du web et du graphisme.[\/vc_column_text][\/vc_column][\/vc_row][vc_row][vc_column width=\u00a0\u00bb1\/3&Prime;][\/vc_column][vc_column width=\u00a0\u00bb2\/3&Prime;][vc_empty_space][vc_separator][\/vc_column][\/vc_row][vc_row css_animation=\u00a0\u00bbfadeIn\u00a0\u00bb][vc_column][vc_column_text]<\/p>\n<h2>M\u00e9diation<\/h2>\n<p>[\/vc_column_text][\/vc_column][\/vc_row][vc_row css_animation=\u00a0\u00bbfadeIn\u00a0\u00bb][vc_column width=\u00a0\u00bb1\/3&Prime;][vc_column_text]<\/p>\n<h4>Fabrice Hambersin a suivi la formation en m\u00e9diation civile et commerciale aupr\u00e8s de beMediation et est devenu<strong> m\u00e9diateur civil et commercial<\/strong> depuis juin 2013.<\/h4>\n<p>[\/vc_column_text][\/vc_column][vc_column width=\u00a0\u00bb1\/3&Prime;][vc_column_text]Il reste persuad\u00e9 que ce mode alternatif de r\u00e9solution des litiges constitue l\u2019avenir dans le <strong>r\u00e8glement des conflits<\/strong> car il est moins cher et bien plus rapide qu\u2019une proc\u00e9dure judiciaire qui peut parfois atteindre jusqu\u2019\u00e0 10 ans.<\/p>\n<p>Ce processus amiable de r\u00e9solution des conflits, men\u00e9 par un m\u00e9diateur, engage les diff\u00e9rentes parties, en conflit, dans une voie constructive et positive. Un m\u00e9diateur ne prend jamais parti et n&rsquo;est pas l\u00e0 pour arbitrer le conflit mais pour aider \u00e0 le g\u00e9rer.[\/vc_column_text][\/vc_column][vc_column width=\u00a0\u00bb1\/3&Prime;][vc_column_text]Il est responsable du cadre des rencontres et veille \u00e0 ce que les int\u00e9r\u00eats de chaque partie au conflit soient entendus.<\/p>\n<p>Il valorise la recherche de solutions \u00e9quitables et tente d&rsquo;aider les parties \u00e0 dialoguer et \u00e0 trouver elles-m\u00eames la solution qui leur conviendra le mieux.[\/vc_column_text][\/vc_column][\/vc_row]<\/p>\n","protected":false},"excerpt":{"rendered":"<p>[vc_row css_animation=\u00a0\u00bbfadeIn\u00a0\u00bb][vc_column][vc_column_text] Enseignement \/ Formation [\/vc_column_text][\/vc_column][\/vc_row][vc_row css_animation=\u00a0\u00bbfadeIn\u00a0\u00bb][vc_column width=\u00a0\u00bb1\/3&Prime;][vc_column_text] Fabrice Hambersin enseigne le droit d\u2019auteur au sein de la Haute Ecole de la Communaut\u00e9 fran\u00e7aise Albert Jacquard (section infographie, options jeu vid\u00e9o, animation, 3D, web, communication graphique) depuis septembre 2008. [\/vc_column_text][\/vc_column][vc_column width=\u00a0\u00bb1\/3&Prime;][vc_column_text]Il donne, depuis janvier 2006, tous les mois, des sessions d\u2019information en droit d\u2019auteur et&#8230; <\/p>\n<div class=\"clear\"><\/div>\n<p><a href=\"https:\/\/avocathambersin.be\/index.php\/enseignement-formation-mediation\/\" class=\"gdlr-info-font excerpt-read-more\">Read More<\/a><\/p>\n","protected":false},"author":2,"featured_media":0,"parent":0,"menu_order":0,"comment_status":"closed","ping_status":"closed","template":"","meta":{"footnotes":""},"yoast_head":"<!-- This site is optimized with the Yoast SEO plugin v21.5 - https:\/\/yoast.com\/wordpress\/plugins\/seo\/ -->\n<title>Enseignement, Formation, M\u00e9diation - Fabrice Hambersin<\/title>\n<meta name=\"robots\" content=\"index, follow, max-snippet:-1, max-image-preview:large, max-video-preview:-1\" \/>\n<link rel=\"canonical\" href=\"https:\/\/avocathambersin.be\/index.php\/enseignement-formation-mediation\/\" \/>\n<meta property=\"og:locale\" content=\"fr_FR\" \/>\n<meta property=\"og:type\" content=\"article\" \/>\n<meta property=\"og:title\" content=\"Enseignement, Formation, M\u00e9diation - Fabrice Hambersin\" \/>\n<meta property=\"og:description\" content=\"[vc_row css_animation=\u00a0\u00bbfadeIn\u00a0\u00bb][vc_column][vc_column_text] Enseignement \/ Formation [\/vc_column_text][\/vc_column][\/vc_row][vc_row css_animation=\u00a0\u00bbfadeIn\u00a0\u00bb][vc_column width=\u00a0\u00bb1\/3&Prime;][vc_column_text] Fabrice Hambersin enseigne le droit d\u2019auteur au sein de la Haute Ecole de la Communaut\u00e9 fran\u00e7aise Albert Jacquard (section infographie, options jeu vid\u00e9o, animation, 3D, web, communication graphique) depuis septembre 2008. [\/vc_column_text][\/vc_column][vc_column width=\u00a0\u00bb1\/3&Prime;][vc_column_text]Il donne, depuis janvier 2006, tous les mois, des sessions d\u2019information en droit d\u2019auteur et... Read More\" \/>\n<meta property=\"og:url\" content=\"https:\/\/avocathambersin.be\/index.php\/enseignement-formation-mediation\/\" \/>\n<meta property=\"og:site_name\" content=\"Fabrice Hambersin\" \/>\n<meta property=\"article:modified_time\" content=\"2017-08-11T07:27:01+00:00\" \/>\n<meta name=\"twitter:card\" content=\"summary_large_image\" \/>\n<meta name=\"twitter:label1\" content=\"Dur\u00e9e de lecture estim\u00e9e\" \/>\n\t<meta name=\"twitter:data1\" content=\"2 minutes\" \/>\n<script type=\"application\/ld+json\" class=\"yoast-schema-graph\">{\"@context\":\"https:\/\/schema.org\",\"@graph\":[{\"@type\":\"WebPage\",\"@id\":\"https:\/\/avocathambersin.be\/index.php\/enseignement-formation-mediation\/\",\"url\":\"https:\/\/avocathambersin.be\/index.php\/enseignement-formation-mediation\/\",\"name\":\"Enseignement, Formation, M\u00e9diation - Fabrice Hambersin\",\"isPartOf\":{\"@id\":\"https:\/\/avocathambersin.be\/#website\"},\"datePublished\":\"2017-08-02T13:04:39+00:00\",\"dateModified\":\"2017-08-11T07:27:01+00:00\",\"breadcrumb\":{\"@id\":\"https:\/\/avocathambersin.be\/index.php\/enseignement-formation-mediation\/#breadcrumb\"},\"inLanguage\":\"fr-FR\",\"potentialAction\":[{\"@type\":\"ReadAction\",\"target\":[\"https:\/\/avocathambersin.be\/index.php\/enseignement-formation-mediation\/\"]}]},{\"@type\":\"BreadcrumbList\",\"@id\":\"https:\/\/avocathambersin.be\/index.php\/enseignement-formation-mediation\/#breadcrumb\",\"itemListElement\":[{\"@type\":\"ListItem\",\"position\":1,\"name\":\"Accueil\",\"item\":\"https:\/\/avocathambersin.be\/\"},{\"@type\":\"ListItem\",\"position\":2,\"name\":\"Enseignement, Formation, M\u00e9diation\"}]},{\"@type\":\"WebSite\",\"@id\":\"https:\/\/avocathambersin.be\/#website\",\"url\":\"https:\/\/avocathambersin.be\/\",\"name\":\"Fabrice Hambersin\",\"description\":\"Avocat sp\u00e9cialis\u00e9 en droit d&#039;auteur\",\"potentialAction\":[{\"@type\":\"SearchAction\",\"target\":{\"@type\":\"EntryPoint\",\"urlTemplate\":\"https:\/\/avocathambersin.be\/?s={search_term_string}\"},\"query-input\":\"required name=search_term_string\"}],\"inLanguage\":\"fr-FR\"}]}<\/script>\n<!-- \/ Yoast SEO plugin. -->","yoast_head_json":{"title":"Enseignement, Formation, M\u00e9diation - Fabrice Hambersin","robots":{"index":"index","follow":"follow","max-snippet":"max-snippet:-1","max-image-preview":"max-image-preview:large","max-video-preview":"max-video-preview:-1"},"canonical":"https:\/\/avocathambersin.be\/index.php\/enseignement-formation-mediation\/","og_locale":"fr_FR","og_type":"article","og_title":"Enseignement, Formation, M\u00e9diation - Fabrice Hambersin","og_description":"[vc_row css_animation=\u00a0\u00bbfadeIn\u00a0\u00bb][vc_column][vc_column_text] Enseignement \/ Formation [\/vc_column_text][\/vc_column][\/vc_row][vc_row css_animation=\u00a0\u00bbfadeIn\u00a0\u00bb][vc_column width=\u00a0\u00bb1\/3&Prime;][vc_column_text] Fabrice Hambersin enseigne le droit d\u2019auteur au sein de la Haute Ecole de la Communaut\u00e9 fran\u00e7aise Albert Jacquard (section infographie, options jeu vid\u00e9o, animation, 3D, web, communication graphique) depuis septembre 2008. [\/vc_column_text][\/vc_column][vc_column width=\u00a0\u00bb1\/3&Prime;][vc_column_text]Il donne, depuis janvier 2006, tous les mois, des sessions d\u2019information en droit d\u2019auteur et... Read More","og_url":"https:\/\/avocathambersin.be\/index.php\/enseignement-formation-mediation\/","og_site_name":"Fabrice Hambersin","article_modified_time":"2017-08-11T07:27:01+00:00","twitter_card":"summary_large_image","twitter_misc":{"Dur\u00e9e de lecture estim\u00e9e":"2 minutes"},"schema":{"@context":"https:\/\/schema.org","@graph":[{"@type":"WebPage","@id":"https:\/\/avocathambersin.be\/index.php\/enseignement-formation-mediation\/","url":"https:\/\/avocathambersin.be\/index.php\/enseignement-formation-mediation\/","name":"Enseignement, Formation, M\u00e9diation - Fabrice Hambersin","isPartOf":{"@id":"https:\/\/avocathambersin.be\/#website"},"datePublished":"2017-08-02T13:04:39+00:00","dateModified":"2017-08-11T07:27:01+00:00","breadcrumb":{"@id":"https:\/\/avocathambersin.be\/index.php\/enseignement-formation-mediation\/#breadcrumb"},"inLanguage":"fr-FR","potentialAction":[{"@type":"ReadAction","target":["https:\/\/avocathambersin.be\/index.php\/enseignement-formation-mediation\/"]}]},{"@type":"BreadcrumbList","@id":"https:\/\/avocathambersin.be\/index.php\/enseignement-formation-mediation\/#breadcrumb","itemListElement":[{"@type":"ListItem","position":1,"name":"Accueil","item":"https:\/\/avocathambersin.be\/"},{"@type":"ListItem","position":2,"name":"Enseignement, Formation, M\u00e9diation"}]},{"@type":"WebSite","@id":"https:\/\/avocathambersin.be\/#website","url":"https:\/\/avocathambersin.be\/","name":"Fabrice Hambersin","description":"Avocat sp\u00e9cialis\u00e9 en droit d&#039;auteur","potentialAction":[{"@type":"SearchAction","target":{"@type":"EntryPoint","urlTemplate":"https:\/\/avocathambersin.be\/?s={search_term_string}"},"query-input":"required name=search_term_string"}],"inLanguage":"fr-FR"}]}},"_links":{"self":[{"href":"https:\/\/avocathambersin.be\/index.php\/wp-json\/wp\/v2\/pages\/53"}],"collection":[{"href":"https:\/\/avocathambersin.be\/index.php\/wp-json\/wp\/v2\/pages"}],"about":[{"href":"https:\/\/avocathambersin.be\/index.php\/wp-json\/wp\/v2\/types\/page"}],"author":[{"embeddable":true,"href":"https:\/\/avocathambersin.be\/index.php\/wp-json\/wp\/v2\/users\/2"}],"replies":[{"embeddable":true,"href":"https:\/\/avocathambersin.be\/index.php\/wp-json\/wp\/v2\/comments?post=53"}],"version-history":[{"count":4,"href":"https:\/\/avocathambersin.be\/index.php\/wp-json\/wp\/v2\/pages\/53\/revisions"}],"predecessor-version":[{"id":192,"href":"https:\/\/avocathambersin.be\/index.php\/wp-json\/wp\/v2\/pages\/53\/revisions\/192"}],"wp:attachment":[{"href":"https:\/\/avocathambersin.be\/index.php\/wp-json\/wp\/v2\/media?parent=53"}],"curies":[{"name":"wp","href":"https:\/\/api.w.org\/{rel}","templated":true}]}}